{"id":12630,"date":"2023-04-26T20:28:37","date_gmt":"2023-04-26T20:28:37","guid":{"rendered":"https:\/\/www.xst.mx\/site\/?page_id=12630"},"modified":"2023-05-01T20:06:10","modified_gmt":"2023-05-01T20:06:10","slug":"politica-privacidad-xquenda-labs-movil","status":"publish","type":"page","link":"https:\/\/www.xst.mx\/site\/politica-privacidad-xquenda-labs-movil\/","title":{"rendered":"Pol\u00edtica de Privacidad"},"content":{"rendered":"\t\t<div data-elementor-type=\"wp-post\" data-elementor-id=\"12630\" class=\"elementor elementor-12630\">\n\t\t\t\t\t\t<section class=\"elementor-section elementor-top-section elementor-element elementor-element-2e2ee14 elementor-section-boxed elementor-section-height-default elementor-section-height-default\" data-id=\"2e2ee14\" data-element_type=\"section\">\n\t\t\t\t\t\t<div class=\"elementor-container elementor-column-gap-default\">\n\t\t\t\t\t<div class=\"elementor-column elementor-col-100 elementor-top-column elementor-element elementor-element-ca1543c\" data-id=\"ca1543c\" data-element_type=\"column\">\n\t\t\t<div class=\"elementor-widget-wrap elementor-element-populated\">\n\t\t\t\t\t\t<div class=\"elementor-element elementor-element-a808c69 elementor-widget elementor-widget-heading\" data-id=\"a808c69\" data-element_type=\"widget\" data-widget_type=\"heading.default\">\n\t\t\t\t<div class=\"elementor-widget-container\">\n\t\t\t<h3 class=\"elementor-heading-title elementor-size-default\">Pol\u00edtica de Privacidad para la Aplicaci\u00f3n M\u00f3vil Xquenda Labs<\/h3>\t\t<\/div>\n\t\t\t\t<\/div>\n\t\t\t\t\t<\/div>\n\t\t<\/div>\n\t\t\t\t\t<\/div>\n\t\t<\/section>\n\t\t\t\t<section class=\"elementor-section elementor-top-section elementor-element elementor-element-a142c62 elementor-section-boxed elementor-section-height-default elementor-section-height-default\" data-id=\"a142c62\" data-element_type=\"section\">\n\t\t\t\t\t\t<div class=\"elementor-container elementor-column-gap-default\">\n\t\t\t\t\t<div class=\"elementor-column elementor-col-100 elementor-top-column elementor-element elementor-element-62341ed\" data-id=\"62341ed\" data-element_type=\"column\">\n\t\t\t<div class=\"elementor-widget-wrap elementor-element-populated\">\n\t\t\t\t\t\t<div class=\"elementor-element elementor-element-17db61a elementor-widget elementor-widget-text-editor\" data-id=\"17db61a\" data-element_type=\"widget\" data-widget_type=\"text-editor.default\">\n\t\t\t\t<div class=\"elementor-widget-container\">\n\t\t\t\t\t\t\t<span style=\"font-weight: 400;\">Esta Pol\u00edtica de Privacidad describe c\u00f3mo se recopila, utiliza y protege la informaci\u00f3n personal de los usuarios de la aplicaci\u00f3n m\u00f3vil Xquenda Labs, dise\u00f1ada exclusivamente para uso de los empleados de la empresa. Los empleados ya han proporcionado previamente su informaci\u00f3n a la empresa durante su contrataci\u00f3n. Durante el proceso de registro de entradas y salidas a trav\u00e9s de la aplicaci\u00f3n, se utilizar\u00e1 la ubicaci\u00f3n real y aproximada del usuario. La informaci\u00f3n proporcionada por los empleados para utilizar la aplicaci\u00f3n ser\u00e1 utilizada \u00fanicamente con fines relacionados con la gesti\u00f3n de la aplicaci\u00f3n y los empleados de la empresa. Esta informaci\u00f3n no ser\u00e1 compartida ni puesta a disposici\u00f3n del p\u00fablico.<\/span>\n<br><br>\n<b>Recopilaci\u00f3n de Informaci\u00f3n<\/b>\n<br><br>\n<span style=\"font-weight: 400;\">La aplicaci\u00f3n m\u00f3vil Xquenda Labs recopila informaci\u00f3n personal proporcionada por los usuarios al momento de registrarse en la aplicaci\u00f3n. Esta informaci\u00f3n puede incluir, entre otros, el nombre completo del usuario, su correo electr\u00f3nico, n\u00famero de tel\u00e9fono y ubicaci\u00f3n aproximada durante el registro de entradas y salidas.<\/span>\n<br><br>\n<b>Uso de la Informaci\u00f3n<\/b>\n<br><br>\n<span style=\"font-weight: 400;\">La informaci\u00f3n personal proporcionada por los usuarios ser\u00e1 utilizada exclusivamente para fines relacionados con la gesti\u00f3n de la aplicaci\u00f3n y los empleados de la empresa. Xquenda Labs se compromete a proteger la privacidad de los usuarios y no compartir\u00e1 ni vender\u00e1 informaci\u00f3n personal a terceros.<\/span>\n\n<span style=\"font-weight: 400;\">La informaci\u00f3n recopilada por la aplicaci\u00f3n ser\u00e1 utilizada por la empresa para mejorar la gesti\u00f3n de la aplicaci\u00f3n, trabajo y procesos internos de \u00e9sta.<\/span>\n<br><br>\n<b>Protecci\u00f3n de la Informaci\u00f3n<\/b>\n<br><br>\n<span style=\"font-weight: 400;\">Xquenda Labs se compromete a utilizar medidas de seguridad adecuadas para proteger la informaci\u00f3n personal de los usuarios, incluyendo la encriptaci\u00f3n de la informaci\u00f3n transmitida a trav\u00e9s de la aplicaci\u00f3n m\u00f3vil y el almacenamiento seguro de la informaci\u00f3n en servidores protegidos.<\/span>\n<br><br>\n<b>Acceso y Modificaci\u00f3n de la Informaci\u00f3n<\/b>\n<br><br>\n<span style=\"font-weight: 400;\">Los usuarios pueden acceder a su informaci\u00f3n personal en cualquier momento a trav\u00e9s de la aplicaci\u00f3n m\u00f3vil Xquenda Labs. Si un usuario desea eliminar su cuenta, puede hacerlo contactando al departamento de Recursos Humanos de la empresa.<\/span>\n<br><br>\n<b>Cambios en la Pol\u00edtica de Privacidad<\/b>\n<br><br>\n<span style=\"font-weight: 400;\">Xquenda Labs se reserva el derecho de modificar esta Pol\u00edtica de Privacidad en cualquier momento. Cualquier cambio en la pol\u00edtica se publicar\u00e1 en la aplicaci\u00f3n m\u00f3vil y se notificar\u00e1 a los usuarios a trav\u00e9s de la direcci\u00f3n de correo electr\u00f3nico proporcionada durante el registro.<\/span>\n<br>\n<b>Versi\u00f3n 1.0 de fecha: 26 de Abril del 2023<\/b>\t\t\t\t\t\t<\/div>\n\t\t\t\t<\/div>\n\t\t\t\t\t<\/div>\n\t\t<\/div>\n\t\t\t\t\t<\/div>\n\t\t<\/section>\n\t\t\t\t<\/div>\n\t\t","protected":false},"excerpt":{"rendered":"<p>Pol\u00edtica de Privacidad para la Aplicaci\u00f3n M\u00f3vil Xquenda Labs Esta Pol\u00edtica de Privacidad describe c\u00f3mo se recopila, utiliza y protege la informaci\u00f3n personal de los usuarios de la aplicaci\u00f3n m\u00f3vil Xquenda Labs, dise\u00f1ada exclusivamente para uso de los empleados de la empresa. Los empleados ya han proporcionado previamente su informaci\u00f3n a la empresa durante su&#8230;<\/p>\n","protected":false},"author":1,"featured_media":0,"parent":0,"menu_order":0,"comment_status":"closed","ping_status":"closed","template":"","meta":{"_kadence_starter_templates_imported_post":false,"_kad_post_transparent":"disable","_kad_post_title":"hide","_kad_post_layout":"fullwidth","_kad_post_sidebar_id":"","_kad_post_content_style":"unboxed","_kad_post_vertical_padding":"hide","_kad_post_feature":"hide","_kad_post_feature_position":"","_kad_post_header":true,"_kad_post_footer":true,"footnotes":""},"class_list":["post-12630","page","type-page","status-publish","hentry"],"_links":{"self":[{"href":"https:\/\/www.xst.mx\/site\/wp-json\/wp\/v2\/pages\/12630","targetHints":{"allow":["GET"]}}],"collection":[{"href":"https:\/\/www.xst.mx\/site\/wp-json\/wp\/v2\/pages"}],"about":[{"href":"https:\/\/www.xst.mx\/site\/wp-json\/wp\/v2\/types\/page"}],"author":[{"embeddable":true,"href":"https:\/\/www.xst.mx\/site\/wp-json\/wp\/v2\/users\/1"}],"replies":[{"embeddable":true,"href":"https:\/\/www.xst.mx\/site\/wp-json\/wp\/v2\/comments?post=12630"}],"version-history":[{"count":6,"href":"https:\/\/www.xst.mx\/site\/wp-json\/wp\/v2\/pages\/12630\/revisions"}],"predecessor-version":[{"id":12638,"href":"https:\/\/www.xst.mx\/site\/wp-json\/wp\/v2\/pages\/12630\/revisions\/12638"}],"wp:attachment":[{"href":"https:\/\/www.xst.mx\/site\/wp-json\/wp\/v2\/media?parent=12630"}],"curies":[{"name":"wp","href":"https:\/\/api.w.org\/{rel}","templated":true}]}}